{"id":714,"date":"2022-02-07T10:34:39","date_gmt":"2022-02-07T15:34:39","guid":{"rendered":"https:\/\/elkaservice.ca\/contact\/"},"modified":"2024-02-09T14:38:14","modified_gmt":"2024-02-09T19:38:14","slug":"contact","status":"publish","type":"page","link":"https:\/\/elkaservice.ca\/en\/contact\/","title":{"rendered":"Contact"},"content":{"rendered":"<p>[et_pb_section fb_built=&#8221;1&#8243; custom_padding_last_edited=&#8221;on|desktop&#8221; admin_label=&#8221;Contact&#8221; _builder_version=&#8221;4.16&#8243; _module_preset=&#8221;default&#8221; background_image=&#8221;https:\/\/elkaservice.ca\/wp-content\/uploads\/2022\/02\/header-emplois.jpg&#8221; custom_margin=&#8221;-150px||||false|false&#8221; custom_margin_tablet=&#8221;-190px||||false|false&#8221; custom_margin_phone=&#8221;-190px||||false|false&#8221; custom_margin_last_edited=&#8221;on|desktop&#8221; custom_padding=&#8221;200px||70px||false|false&#8221; custom_padding_tablet=&#8221;190px||10px||false|false&#8221; custom_padding_phone=&#8221;190px||10px||false|false&#8221; global_colors_info=&#8221;{}&#8221;][et_pb_row admin_label=&#8221;Contact&#8221; module_class=&#8221;row-header row-90&#8243; _builder_version=&#8221;4.16&#8243; _module_preset=&#8221;default&#8221; animation_style=&#8221;slide&#8221; animation_duration=&#8221;1100ms&#8221; animation_delay=&#8221;500ms&#8221; global_colors_info=&#8221;{}&#8221;][et_pb_column type=&#8221;4_4&#8243; _builder_version=&#8221;4.16&#8243; _module_preset=&#8221;default&#8221; global_colors_info=&#8221;{}&#8221;][et_pb_text admin_label=&#8221;Contact&#8221; _builder_version=&#8221;4.16&#8243; _module_preset=&#8221;default&#8221; header_font=&#8221;|700||on|||||&#8221; header_text_align=&#8221;center&#8221; header_text_color=&#8221;#FFFFFF&#8221; header_font_size=&#8221;90px&#8221; header_line_height=&#8221;1.3em&#8221; header_font_size_tablet=&#8221;90px&#8221; header_font_size_phone=&#8221;60px&#8221; header_font_size_last_edited=&#8221;on|phone&#8221; global_colors_info=&#8221;{}&#8221;]<\/p>\n<h1>Contact<\/h1>\n<p>[\/et_pb_text][\/et_pb_column][\/et_pb_row][\/et_pb_section][et_pb_section fb_built=&#8221;1&#8243; custom_padding_last_edited=&#8221;on|desktop&#8221; admin_label=&#8221;Des questions ou demandes de soumission&#8221; _builder_version=&#8221;4.16&#8243; _module_preset=&#8221;default&#8221; background_image=&#8221;https:\/\/elkaservice.ca\/wp-content\/uploads\/2022\/02\/background-questions.jpg&#8221; parallax=&#8221;on&#8221; parallax_method=&#8221;off&#8221; custom_padding=&#8221;26px||26px||true|false&#8221; custom_padding_tablet=&#8221;26px||26px||true|false&#8221; custom_padding_phone=&#8221;26px||26px||true|false&#8221; global_colors_info=&#8221;{}&#8221;][et_pb_row admin_label=&#8221;Questions or requests for quotes&#8221; module_class=&#8221;row-90 row-question&#8221; _builder_version=&#8221;4.16&#8243; _module_preset=&#8221;default&#8221; animation_style=&#8221;slide&#8221; animation_duration=&#8221;1100ms&#8221; animation_delay=&#8221;500ms&#8221; global_colors_info=&#8221;{}&#8221;][et_pb_column type=&#8221;4_4&#8243; _builder_version=&#8221;4.16&#8243; _module_preset=&#8221;default&#8221; global_colors_info=&#8221;{}&#8221;][et_pb_text admin_label=&#8221;Des questions ou demandes de soumission&#8221; _builder_version=&#8221;4.16&#8243; _module_preset=&#8221;default&#8221; header_2_font=&#8221;|700||on|||||&#8221; header_2_text_align=&#8221;center&#8221; header_2_text_color=&#8221;#343434&#8243; header_2_font_size=&#8221;60px&#8221; header_2_line_height=&#8221;1.1em&#8221; custom_margin=&#8221;||10px||false|false&#8221; header_2_font_size_tablet=&#8221;45px&#8221; header_2_font_size_phone=&#8221;28px&#8221; header_2_font_size_last_edited=&#8221;on|desktop&#8221; header_2_line_height_tablet=&#8221;1.1em&#8221; header_2_line_height_phone=&#8221;1.1em&#8221; header_2_line_height_last_edited=&#8221;on|desktop&#8221; global_colors_info=&#8221;{}&#8221;]<\/p>\n<h2>Questions or<br \/>requests for submission<\/h2>\n<p>[\/et_pb_text][et_pb_text admin_label=&#8221;Nous travaillons dur chaque jour pour offrir un service d\u2019entretien m\u00e9nager sup\u00e9rieur \u00e0 notre client\u00e8le.&#8221; _builder_version=&#8221;4.16&#8243; _module_preset=&#8221;default&#8221; header_3_font=&#8221;Teko|500|||||||&#8221; header_3_text_align=&#8221;center&#8221; header_3_text_color=&#8221;#6e6e6e&#8221; header_3_font_size=&#8221;25px&#8221; header_3_letter_spacing=&#8221;1px&#8221; header_3_line_height=&#8221;1.2em&#8221; custom_margin=&#8221;||5px||false|false&#8221; header_3_font_size_tablet=&#8221;21px&#8221; header_3_font_size_phone=&#8221;17px&#8221; header_3_font_size_last_edited=&#8221;on|desktop&#8221; global_colors_info=&#8221;{}&#8221;]<\/p>\n<h3>We work hard every day to provide a<br \/>superior Janitorial services to our customers.<\/h3>\n<p>[\/et_pb_text][et_pb_text admin_label=&#8221;Il nous fera plaisir de r\u00e9pondre \u00e0 toutes vos questions rapidement.&#8221; _builder_version=&#8221;4.16&#8243; _module_preset=&#8221;default&#8221; text_text_color=&#8221;#6e6e6e&#8221; text_font_size=&#8221;18px&#8221; text_line_height=&#8221;1.3em&#8221; header_3_font=&#8221;Teko|500|||||||&#8221; header_3_text_align=&#8221;center&#8221; header_3_text_color=&#8221;#6e6e6e&#8221; header_3_font_size=&#8221;25px&#8221; header_3_letter_spacing=&#8221;1px&#8221; header_3_line_height=&#8221;1.2em&#8221; text_orientation=&#8221;center&#8221; text_font_size_tablet=&#8221;16px&#8221; text_font_size_phone=&#8221;14px&#8221; text_font_size_last_edited=&#8221;on|desktop&#8221; text_line_height_tablet=&#8221;1.3em&#8221; text_line_height_phone=&#8221;1.3em&#8221; text_line_height_last_edited=&#8221;on|desktop&#8221; header_3_font_size_tablet=&#8221;25px&#8221; header_3_font_size_phone=&#8221;25px&#8221; header_3_font_size_last_edited=&#8221;on|desktop&#8221; global_colors_info=&#8221;{}&#8221;]<\/p>\n<p>We will be happy to answer all your questions quickly.<\/p>\n<p>[\/et_pb_text][\/et_pb_column][\/et_pb_row][et_pb_row column_structure=&#8221;1_3,1_3,1_3&#8243; make_equal=&#8221;on&#8221; custom_padding_last_edited=&#8221;on|phone&#8221; module_class=&#8221;row-des-contact&#8221; _builder_version=&#8221;4.16&#8243; _module_preset=&#8221;default&#8221; width=&#8221;60%&#8221; module_alignment=&#8221;center&#8221; custom_padding_tablet=&#8221;&#8221; custom_padding_phone=&#8221;0px||0px||true|false&#8221; animation_style=&#8221;slide&#8221; animation_duration=&#8221;1100ms&#8221; animation_delay=&#8221;500ms&#8221; global_colors_info=&#8221;{}&#8221;][et_pb_column type=&#8221;1_3&#8243; _builder_version=&#8221;4.16&#8243; _module_preset=&#8221;default&#8221; custom_padding_tablet=&#8221;||15px||false|false&#8221; custom_padding_phone=&#8221;||15px||false|false&#8221; custom_padding_last_edited=&#8221;on|tablet&#8221; custom_css_main_element=&#8221;display: -webkit-box;||  display: -moz-box;||  display: -webkit-flex;||  display: -ms-flexbox;||  display: flex;||||-webkit-justify-content:center;||justify-content:center;||||-moz-flex-direction:column;||-ms-flex-direction:column;||-webkit-flex-direction:column;||flex-direction:column;&#8221; border_width_right=&#8221;1px&#8221; border_color_right=&#8221;#555555&#8243; border_width_right_tablet=&#8221;0px&#8221; border_width_right_phone=&#8221;0px&#8221; border_width_right_last_edited=&#8221;on|tablet&#8221; global_colors_info=&#8221;{}&#8221;][et_pb_image src=&#8221;https:\/\/elkaservice.ca\/wp-content\/uploads\/2022\/02\/Logo-elka-service.png&#8221; title_text=&#8221;Logo elka service&#8221; url=&#8221;@ET-DC@eyJkeW5hbWljIjp0cnVlLCJjb250ZW50IjoicG9zdF9saW5rX3VybF9wYWdlIiwic2V0dGluZ3MiOnsicG9zdF9pZCI6IjgifX0=@&#8221; align_tablet=&#8221;center&#8221; align_phone=&#8221;center&#8221; align_last_edited=&#8221;on|tablet&#8221; _builder_version=&#8221;4.16&#8243; _dynamic_attributes=&#8221;url&#8221; _module_preset=&#8221;default&#8221; width_tablet=&#8221;100%&#8221; width_phone=&#8221;45%&#8221; width_last_edited=&#8221;on|tablet&#8221; global_colors_info=&#8221;{}&#8221;][\/et_pb_image][\/et_pb_column][et_pb_column type=&#8221;1_3&#8243; _builder_version=&#8221;4.16&#8243; _module_preset=&#8221;default&#8221; custom_padding_tablet=&#8221;||15px||false|false&#8221; custom_padding_phone=&#8221;||15px||false|false&#8221; custom_padding_last_edited=&#8221;on|tablet&#8221; custom_css_main_element=&#8221;display: -webkit-box;||  display: -moz-box;||  display: -webkit-flex;||  display: -ms-flexbox;||  display: flex;||||-webkit-justify-content:center;||justify-content:center;||||-moz-flex-direction:column;||-ms-flex-direction:column;||-webkit-flex-direction:column;||flex-direction:column;&#8221; border_width_right=&#8221;1px&#8221; border_color_right=&#8221;#555555&#8243; border_width_right_tablet=&#8221;0px&#8221; border_width_right_phone=&#8221;0px&#8221; border_width_right_last_edited=&#8221;on|tablet&#8221; global_colors_info=&#8221;{}&#8221;][et_pb_blurb image=&#8221;https:\/\/elkaservice.ca\/wp-content\/uploads\/2022\/02\/Telephone.png&#8221; admin_label=&#8221;450 888-7666&#8243; _builder_version=&#8221;4.17.6&#8243; _module_preset=&#8221;default&#8221; body_font=&#8221;Teko|500|||||||&#8221; body_text_align=&#8221;center&#8221; body_text_color=&#8221;#343434&#8243; body_font_size=&#8221;23px&#8221; body_letter_spacing=&#8221;1px&#8221; body_line_height=&#8221;1.3em&#8221; body_link_text_color=&#8221;#343434&#8243; hover_enabled=&#8221;0&#8243; body_font_size_tablet=&#8221;23px&#8221; body_font_size_phone=&#8221;18px&#8221; body_font_size_last_edited=&#8221;on|desktop&#8221; custom_css_blurb_image=&#8221;margin-bottom:20px;&#8221; global_colors_info=&#8221;{}&#8221; body_link_text_color__hover_enabled=&#8221;on|hover&#8221; body_link_text_color__hover=&#8221;#0A70BB&#8221; sticky_enabled=&#8221;0&#8243;]<\/p>\n<p><a href=\"tel:4508887666\">(450) 888-7666<\/a><\/p>\n<p>[\/et_pb_blurb][\/et_pb_column][et_pb_column type=&#8221;1_3&#8243; _builder_version=&#8221;4.16&#8243; _module_preset=&#8221;default&#8221; custom_css_main_element=&#8221;display: -webkit-box;||  display: -moz-box;||  display: -webkit-flex;||  display: -ms-flexbox;||  display: flex;||||-webkit-justify-content:center;||justify-content:center;||||-moz-flex-direction:column;||-ms-flex-direction:column;||-webkit-flex-direction:column;||flex-direction:column;&#8221; global_colors_info=&#8221;{}&#8221;][et_pb_blurb image=&#8221;https:\/\/elkaservice.ca\/wp-content\/uploads\/2022\/02\/courriel.png&#8221; admin_label=&#8221;service@elkaservice.ca&#8221; _builder_version=&#8221;4.16&#8243; _module_preset=&#8221;default&#8221; body_font=&#8221;Teko|500|||||||&#8221; body_text_align=&#8221;center&#8221; body_text_color=&#8221;#343434&#8243; body_font_size=&#8221;23px&#8221; body_letter_spacing=&#8221;1px&#8221; body_line_height=&#8221;1.3em&#8221; body_link_text_color=&#8221;#343434&#8243; body_font_size_tablet=&#8221;23px&#8221; body_font_size_phone=&#8221;18px&#8221; body_font_size_last_edited=&#8221;on|desktop&#8221; custom_css_blurb_image=&#8221;margin-bottom:20px;&#8221; global_colors_info=&#8221;{}&#8221; body_link_text_color__hover_enabled=&#8221;on|hover&#8221; body_link_text_color__hover=&#8221;#0A70BB&#8221;]<\/p>\n<p><a href=\"mailto:service@elkaservice.ca\">service@elkaservice.ca<\/a><\/p>\n<p>[\/et_pb_blurb][\/et_pb_column][\/et_pb_row][\/et_pb_section]<\/p>\n","protected":false},"excerpt":{"rendered":"<p>ContactQuestions orrequests for submissionWe work hard every day to provide asuperior Janitorial services to our customers.We will be happy to answer all your questions quickly.(450) 888-7666service@elkaservice.ca<\/p>\n","protected":false},"author":1,"featured_media":638,"parent":0,"menu_order":0,"comment_status":"closed","ping_status":"closed","template":"","meta":{"_et_pb_use_builder":"on","_et_pb_old_content":"","_et_gb_content_width":"","footnotes":""},"dipi_cpt_category":[],"class_list":["post-714","page","type-page","status-publish","has-post-thumbnail","hentry"],"yoast_head":"<!-- This site is optimized with the Yoast SEO plugin v27.3 - https:\/\/yoast.com\/product\/yoast-seo-wordpress\/ -->\n<title>Contact || ELKA Service<\/title>\n<meta name=\"description\" content=\"For professional commercial cleaning services in Canada, do business with ELKA Service. Contact us for any questions.\" \/>\n<meta name=\"robots\" content=\"index, follow, max-snippet:-1, max-image-preview:large, max-video-preview:-1\" \/>\n<link rel=\"canonical\" href=\"https:\/\/elkaservice.ca\/contact\/\" \/>\n<meta property=\"og:locale\" content=\"en_US\" \/>\n<meta property=\"og:type\" content=\"article\" \/>\n<meta property=\"og:title\" content=\"Contact || ELKA Service\" \/>\n<meta property=\"og:description\" content=\"For professional commercial cleaning services in Canada, do business with ELKA Service. Contact us for any questions.\" \/>\n<meta property=\"og:url\" content=\"https:\/\/elkaservice.ca\/contact\/\" \/>\n<meta property=\"og:site_name\" content=\"Elka Service\" \/>\n<meta property=\"article:modified_time\" content=\"2024-02-09T19:38:14+00:00\" \/>\n<meta property=\"og:image\" content=\"https:\/\/elkaservice.ca\/wp-content\/uploads\/2022\/02\/partage-reseau-sociaux-elka.jpg\" \/>\n\t<meta property=\"og:image:width\" content=\"1200\" \/>\n\t<meta property=\"og:image:height\" content=\"630\" \/>\n\t<meta property=\"og:image:type\" content=\"image\/jpeg\" \/>\n<meta name=\"twitter:card\" content=\"summary_large_image\" \/>\n<meta name=\"twitter:title\" content=\"Contact || ELKA Service\" \/>\n<meta name=\"twitter:description\" content=\"For professional commercial cleaning services in Canada, do business with ELKA Service. Contact us for any quFor professional commercial cleaning services in Canada, do business with ELKA Service. Contact us for any questions.estions.\" \/>\n<meta name=\"twitter:label1\" content=\"Est. reading time\" \/>\n\t<meta name=\"twitter:data1\" content=\"6 minutes\" \/>\n<script type=\"application\/ld+json\" class=\"yoast-schema-graph\">{\"@context\":\"https:\\\/\\\/schema.org\",\"@graph\":[{\"@type\":\"WebPage\",\"@id\":\"https:\\\/\\\/elkaservice.ca\\\/contact\\\/\",\"url\":\"https:\\\/\\\/elkaservice.ca\\\/contact\\\/\",\"name\":\"Contact || ELKA Service\",\"isPartOf\":{\"@id\":\"https:\\\/\\\/elkaservice.ca\\\/#website\"},\"primaryImageOfPage\":{\"@id\":\"https:\\\/\\\/elkaservice.ca\\\/contact\\\/#primaryimage\"},\"image\":{\"@id\":\"https:\\\/\\\/elkaservice.ca\\\/contact\\\/#primaryimage\"},\"thumbnailUrl\":\"https:\\\/\\\/elkaservice.ca\\\/wp-content\\\/uploads\\\/2022\\\/02\\\/partage-reseau-sociaux-elka.jpg\",\"datePublished\":\"2022-02-07T15:34:39+00:00\",\"dateModified\":\"2024-02-09T19:38:14+00:00\",\"description\":\"For professional commercial cleaning services in Canada, do business with ELKA Service. Contact us for any questions.\",\"breadcrumb\":{\"@id\":\"https:\\\/\\\/elkaservice.ca\\\/contact\\\/#breadcrumb\"},\"inLanguage\":\"en-US\",\"potentialAction\":[{\"@type\":\"ReadAction\",\"target\":[\"https:\\\/\\\/elkaservice.ca\\\/contact\\\/\"]}]},{\"@type\":\"ImageObject\",\"inLanguage\":\"en-US\",\"@id\":\"https:\\\/\\\/elkaservice.ca\\\/contact\\\/#primaryimage\",\"url\":\"https:\\\/\\\/elkaservice.ca\\\/wp-content\\\/uploads\\\/2022\\\/02\\\/partage-reseau-sociaux-elka.jpg\",\"contentUrl\":\"https:\\\/\\\/elkaservice.ca\\\/wp-content\\\/uploads\\\/2022\\\/02\\\/partage-reseau-sociaux-elka.jpg\",\"width\":1200,\"height\":630,\"caption\":\"The difference in commercial cleaning\"},{\"@type\":\"BreadcrumbList\",\"@id\":\"https:\\\/\\\/elkaservice.ca\\\/contact\\\/#breadcrumb\",\"itemListElement\":[{\"@type\":\"ListItem\",\"position\":1,\"name\":\"Accueil\",\"item\":\"https:\\\/\\\/elkaservice.ca\\\/\"},{\"@type\":\"ListItem\",\"position\":2,\"name\":\"Contact\"}]},{\"@type\":\"WebSite\",\"@id\":\"https:\\\/\\\/elkaservice.ca\\\/#website\",\"url\":\"https:\\\/\\\/elkaservice.ca\\\/\",\"name\":\"Elka Service\",\"description\":\"Le choix en entretien  m\u00e9nager commercial\",\"potentialAction\":[{\"@type\":\"SearchAction\",\"target\":{\"@type\":\"EntryPoint\",\"urlTemplate\":\"https:\\\/\\\/elkaservice.ca\\\/?s={search_term_string}\"},\"query-input\":{\"@type\":\"PropertyValueSpecification\",\"valueRequired\":true,\"valueName\":\"search_term_string\"}}],\"inLanguage\":\"en-US\"}]}<\/script>\n<!-- \/ Yoast SEO plugin. -->","yoast_head_json":{"title":"Contact || ELKA Service","description":"For professional commercial cleaning services in Canada, do business with ELKA Service. Contact us for any questions.","robots":{"index":"index","follow":"follow","max-snippet":"max-snippet:-1","max-image-preview":"max-image-preview:large","max-video-preview":"max-video-preview:-1"},"canonical":"https:\/\/elkaservice.ca\/contact\/","og_locale":"en_US","og_type":"article","og_title":"Contact || ELKA Service","og_description":"For professional commercial cleaning services in Canada, do business with ELKA Service. Contact us for any questions.","og_url":"https:\/\/elkaservice.ca\/contact\/","og_site_name":"Elka Service","article_modified_time":"2024-02-09T19:38:14+00:00","og_image":[{"width":1200,"height":630,"url":"https:\/\/elkaservice.ca\/wp-content\/uploads\/2022\/02\/partage-reseau-sociaux-elka.jpg","type":"image\/jpeg"}],"twitter_card":"summary_large_image","twitter_title":"Contact || ELKA Service","twitter_description":"For professional commercial cleaning services in Canada, do business with ELKA Service. Contact us for any quFor professional commercial cleaning services in Canada, do business with ELKA Service. Contact us for any questions.estions.","twitter_misc":{"Est. reading time":"6 minutes"},"schema":{"@context":"https:\/\/schema.org","@graph":[{"@type":"WebPage","@id":"https:\/\/elkaservice.ca\/contact\/","url":"https:\/\/elkaservice.ca\/contact\/","name":"Contact || ELKA Service","isPartOf":{"@id":"https:\/\/elkaservice.ca\/#website"},"primaryImageOfPage":{"@id":"https:\/\/elkaservice.ca\/contact\/#primaryimage"},"image":{"@id":"https:\/\/elkaservice.ca\/contact\/#primaryimage"},"thumbnailUrl":"https:\/\/elkaservice.ca\/wp-content\/uploads\/2022\/02\/partage-reseau-sociaux-elka.jpg","datePublished":"2022-02-07T15:34:39+00:00","dateModified":"2024-02-09T19:38:14+00:00","description":"For professional commercial cleaning services in Canada, do business with ELKA Service. Contact us for any questions.","breadcrumb":{"@id":"https:\/\/elkaservice.ca\/contact\/#breadcrumb"},"inLanguage":"en-US","potentialAction":[{"@type":"ReadAction","target":["https:\/\/elkaservice.ca\/contact\/"]}]},{"@type":"ImageObject","inLanguage":"en-US","@id":"https:\/\/elkaservice.ca\/contact\/#primaryimage","url":"https:\/\/elkaservice.ca\/wp-content\/uploads\/2022\/02\/partage-reseau-sociaux-elka.jpg","contentUrl":"https:\/\/elkaservice.ca\/wp-content\/uploads\/2022\/02\/partage-reseau-sociaux-elka.jpg","width":1200,"height":630,"caption":"The difference in commercial cleaning"},{"@type":"BreadcrumbList","@id":"https:\/\/elkaservice.ca\/contact\/#breadcrumb","itemListElement":[{"@type":"ListItem","position":1,"name":"Accueil","item":"https:\/\/elkaservice.ca\/"},{"@type":"ListItem","position":2,"name":"Contact"}]},{"@type":"WebSite","@id":"https:\/\/elkaservice.ca\/#website","url":"https:\/\/elkaservice.ca\/","name":"Elka Service","description":"Le choix en entretien  m\u00e9nager commercial","potentialAction":[{"@type":"SearchAction","target":{"@type":"EntryPoint","urlTemplate":"https:\/\/elkaservice.ca\/?s={search_term_string}"},"query-input":{"@type":"PropertyValueSpecification","valueRequired":true,"valueName":"search_term_string"}}],"inLanguage":"en-US"}]}},"_links":{"self":[{"href":"https:\/\/elkaservice.ca\/en\/wp-json\/wp\/v2\/pages\/714","targetHints":{"allow":["GET"]}}],"collection":[{"href":"https:\/\/elkaservice.ca\/en\/wp-json\/wp\/v2\/pages"}],"about":[{"href":"https:\/\/elkaservice.ca\/en\/wp-json\/wp\/v2\/types\/page"}],"author":[{"embeddable":true,"href":"https:\/\/elkaservice.ca\/en\/wp-json\/wp\/v2\/users\/1"}],"replies":[{"embeddable":true,"href":"https:\/\/elkaservice.ca\/en\/wp-json\/wp\/v2\/comments?post=714"}],"version-history":[{"count":7,"href":"https:\/\/elkaservice.ca\/en\/wp-json\/wp\/v2\/pages\/714\/revisions"}],"predecessor-version":[{"id":1585,"href":"https:\/\/elkaservice.ca\/en\/wp-json\/wp\/v2\/pages\/714\/revisions\/1585"}],"wp:featuredmedia":[{"embeddable":true,"href":"https:\/\/elkaservice.ca\/en\/wp-json\/wp\/v2\/media\/638"}],"wp:attachment":[{"href":"https:\/\/elkaservice.ca\/en\/wp-json\/wp\/v2\/media?parent=714"}],"wp:term":[{"taxonomy":"dipi_cpt_category","embeddable":true,"href":"https:\/\/elkaservice.ca\/en\/wp-json\/wp\/v2\/dipi_cpt_category?post=714"}],"curies":[{"name":"wp","href":"https:\/\/api.w.org\/{rel}","templated":true}]}}