{"id":717,"date":"2022-02-07T10:34:39","date_gmt":"2022-02-07T15:34:39","guid":{"rendered":"https:\/\/elkaservice.ca\/contacto\/"},"modified":"2024-02-09T14:38:38","modified_gmt":"2024-02-09T19:38:38","slug":"contacto","status":"publish","type":"page","link":"https:\/\/elkaservice.ca\/es\/contacto\/","title":{"rendered":"Contacto"},"content":{"rendered":"<p>[et_pb_section fb_built=\u00bb1&#8243; custom_padding_last_edited=\u00bbon|desktop\u00bb admin_label=\u00bbContact\u00bb _builder_version=\u00bb4.16&#8243; _module_preset=\u00bbdefault\u00bb background_image=\u00bbhttps:\/\/elkaservice.ca\/wp-content\/uploads\/2022\/02\/header-emplois.jpg\u00bb custom_margin=\u00bb-150px||||false|false\u00bb custom_margin_tablet=\u00bb-190px||||false|false\u00bb custom_margin_phone=\u00bb-190px||||false|false\u00bb custom_margin_last_edited=\u00bbon|desktop\u00bb custom_padding=\u00bb200px||70px||false|false\u00bb custom_padding_tablet=\u00bb190px||10px||false|false\u00bb custom_padding_phone=\u00bb190px||10px||false|false\u00bb global_colors_info=\u00bb{}\u00bb][et_pb_row admin_label=\u00bbContacto\u00bb module_class=\u00bbrow-header row-90&#8243; _builder_version=\u00bb4.16&#8243; _module_preset=\u00bbdefault\u00bb animation_style=\u00bbslide\u00bb animation_duration=\u00bb1100ms\u00bb animation_delay=\u00bb500ms\u00bb global_colors_info=\u00bb{}\u00bb][et_pb_column type=\u00bb4_4&#8243; _builder_version=\u00bb4.16&#8243; _module_preset=\u00bbdefault\u00bb global_colors_info=\u00bb{}\u00bb][et_pb_text admin_label=\u00bbContact\u00bb _builder_version=\u00bb4.16&#8243; _module_preset=\u00bbdefault\u00bb header_font=\u00bb|700||on|||||\u00bb header_text_align=\u00bbcenter\u00bb header_text_color=\u00bb#FFFFFF\u00bb header_font_size=\u00bb90px\u00bb header_line_height=\u00bb1.3em\u00bb header_font_size_tablet=\u00bb90px\u00bb header_font_size_phone=\u00bb60px\u00bb header_font_size_last_edited=\u00bbon|phone\u00bb global_colors_info=\u00bb{}\u00bb]<\/p>\n<h1>Contacto<\/h1>\n<p>[\/et_pb_text][\/et_pb_column][\/et_pb_row][\/et_pb_section][et_pb_section fb_built=\u00bb1&#8243; custom_padding_last_edited=\u00bbon|desktop\u00bb admin_label=\u00bbDes questions ou demandes de soumission\u00bb _builder_version=\u00bb4.16&#8243; _module_preset=\u00bbdefault\u00bb background_image=\u00bbhttps:\/\/elkaservice.ca\/wp-content\/uploads\/2022\/02\/background-questions.jpg\u00bb parallax=\u00bbon\u00bb parallax_method=\u00bboff\u00bb custom_padding=\u00bb26px||26px||true|false\u00bb custom_padding_tablet=\u00bb26px||26px||true|false\u00bb custom_padding_phone=\u00bb26px||26px||true|false\u00bb global_colors_info=\u00bb{}\u00bb][et_pb_row admin_label=\u00bbPreguntas o solicitudes de presupuesto\u00bb module_class=\u00bbrow-90 row-question\u00bb _builder_version=\u00bb4.16&#8243; _module_preset=\u00bbdefault\u00bb animation_style=\u00bbslide\u00bb animation_duration=\u00bb1100ms\u00bb animation_delay=\u00bb500ms\u00bb global_colors_info=\u00bb{}\u00bb][et_pb_column type=\u00bb4_4&#8243; _builder_version=\u00bb4.16&#8243; _module_preset=\u00bbdefault\u00bb global_colors_info=\u00bb{}\u00bb][et_pb_text admin_label=\u00bbDes questions ou demandes de soumission\u00bb _builder_version=\u00bb4.16&#8243; _module_preset=\u00bbdefault\u00bb header_2_font=\u00bb|700||on|||||\u00bb header_2_text_align=\u00bbcenter\u00bb header_2_text_color=\u00bb#343434&#8243; header_2_font_size=\u00bb60px\u00bb header_2_line_height=\u00bb1.1em\u00bb custom_margin=\u00bb||10px||false|false\u00bb header_2_font_size_tablet=\u00bb45px\u00bb header_2_font_size_phone=\u00bb28px\u00bb header_2_font_size_last_edited=\u00bbon|desktop\u00bb header_2_line_height_tablet=\u00bb1.1em\u00bb header_2_line_height_phone=\u00bb1.1em\u00bb header_2_line_height_last_edited=\u00bbon|desktop\u00bb global_colors_info=\u00bb{}\u00bb]<\/p>\n<h2>\u00bfTIENE PREGUNTAS O NECESITA INFORMACION?<br \/>PONGASE EN CONTACTO CON NOSOTROS HOY MISMO<\/h2>\n<p>[\/et_pb_text][et_pb_text admin_label=\u00bbNous travaillons dur chaque jour pour offrir un service d\u2019entretien m\u00e9nager sup\u00e9rieur \u00e0 notre client\u00e8le.\u00bb _builder_version=\u00bb4.16&#8243; _module_preset=\u00bbdefault\u00bb header_3_font=\u00bbTeko|500|||||||\u00bb header_3_text_align=\u00bbcenter\u00bb header_3_text_color=\u00bb#6e6e6e\u00bb header_3_font_size=\u00bb25px\u00bb header_3_letter_spacing=\u00bb1px\u00bb header_3_line_height=\u00bb1.2em\u00bb custom_margin=\u00bb||5px||false|false\u00bb header_3_font_size_tablet=\u00bb21px\u00bb header_3_font_size_phone=\u00bb17px\u00bb header_3_font_size_last_edited=\u00bbon|desktop\u00bb global_colors_info=\u00bb{}\u00bb]<\/p>\n<h3>Trabajamos duro cada d\u00eda para ofrecer un<br \/>servicio de limpieza superior a los est\u00e1ndares del mercado.<\/h3>\n<p>[\/et_pb_text][et_pb_text admin_label=\u00bbIl nous fera plaisir de r\u00e9pondre \u00e0 toutes vos questions rapidement.\u00bb _builder_version=\u00bb4.16&#8243; _module_preset=\u00bbdefault\u00bb text_text_color=\u00bb#6e6e6e\u00bb text_font_size=\u00bb18px\u00bb text_line_height=\u00bb1.3em\u00bb header_3_font=\u00bbTeko|500|||||||\u00bb header_3_text_align=\u00bbcenter\u00bb header_3_text_color=\u00bb#6e6e6e\u00bb header_3_font_size=\u00bb25px\u00bb header_3_letter_spacing=\u00bb1px\u00bb header_3_line_height=\u00bb1.2em\u00bb text_orientation=\u00bbcenter\u00bb text_font_size_tablet=\u00bb16px\u00bb text_font_size_phone=\u00bb14px\u00bb text_font_size_last_edited=\u00bbon|desktop\u00bb text_line_height_tablet=\u00bb1.3em\u00bb text_line_height_phone=\u00bb1.3em\u00bb text_line_height_last_edited=\u00bbon|desktop\u00bb header_3_font_size_tablet=\u00bb25px\u00bb header_3_font_size_phone=\u00bb25px\u00bb header_3_font_size_last_edited=\u00bbon|desktop\u00bb global_colors_info=\u00bb{}\u00bb]<\/p>\n<p>Estaremos encantados de responder a todas sus preguntas con prontitud.<\/p>\n<p>[\/et_pb_text][\/et_pb_column][\/et_pb_row][et_pb_row column_structure=\u00bb1_3,1_3,1_3&#8243; make_equal=\u00bbon\u00bb custom_padding_last_edited=\u00bbon|phone\u00bb module_class=\u00bbrow-des-contact\u00bb _builder_version=\u00bb4.16&#8243; _module_preset=\u00bbdefault\u00bb width=\u00bb60%\u00bb module_alignment=\u00bbcenter\u00bb custom_padding_tablet=\u00bb\u00bb custom_padding_phone=\u00bb0px||0px||true|false\u00bb animation_style=\u00bbslide\u00bb animation_duration=\u00bb1100ms\u00bb animation_delay=\u00bb500ms\u00bb global_colors_info=\u00bb{}\u00bb][et_pb_column type=\u00bb1_3&#8243; _builder_version=\u00bb4.16&#8243; _module_preset=\u00bbdefault\u00bb custom_padding_tablet=\u00bb||15px||false|false\u00bb custom_padding_phone=\u00bb||15px||false|false\u00bb custom_padding_last_edited=\u00bbon|tablet\u00bb custom_css_main_element=\u00bbdisplay: -webkit-box;||  display: -moz-box;||  display: -webkit-flex;||  display: -ms-flexbox;||  display: flex;||||-webkit-justify-content:center;||justify-content:center;||||-moz-flex-direction:column;||-ms-flex-direction:column;||-webkit-flex-direction:column;||flex-direction:column;\u00bb border_width_right=\u00bb1px\u00bb border_color_right=\u00bb#555555&#8243; border_width_right_tablet=\u00bb0px\u00bb border_width_right_phone=\u00bb0px\u00bb border_width_right_last_edited=\u00bbon|tablet\u00bb global_colors_info=\u00bb{}\u00bb][et_pb_image src=\u00bbhttps:\/\/elkaservice.ca\/wp-content\/uploads\/2022\/02\/Logo-elka-service.png\u00bb title_text=\u00bbLogo elka service\u00bb url=\u00bb@ET-DC@eyJkeW5hbWljIjp0cnVlLCJjb250ZW50IjoicG9zdF9saW5rX3VybF9wYWdlIiwic2V0dGluZ3MiOnsicG9zdF9pZCI6IjgifX0=@\u00bb align_tablet=\u00bbcenter\u00bb align_phone=\u00bbcenter\u00bb align_last_edited=\u00bbon|tablet\u00bb _builder_version=\u00bb4.16&#8243; _dynamic_attributes=\u00bburl\u00bb _module_preset=\u00bbdefault\u00bb width_tablet=\u00bb100%\u00bb width_phone=\u00bb45%\u00bb width_last_edited=\u00bbon|tablet\u00bb global_colors_info=\u00bb{}\u00bb][\/et_pb_image][\/et_pb_column][et_pb_column type=\u00bb1_3&#8243; _builder_version=\u00bb4.16&#8243; _module_preset=\u00bbdefault\u00bb custom_padding_tablet=\u00bb||15px||false|false\u00bb custom_padding_phone=\u00bb||15px||false|false\u00bb custom_padding_last_edited=\u00bbon|tablet\u00bb custom_css_main_element=\u00bbdisplay: -webkit-box;||  display: -moz-box;||  display: -webkit-flex;||  display: -ms-flexbox;||  display: flex;||||-webkit-justify-content:center;||justify-content:center;||||-moz-flex-direction:column;||-ms-flex-direction:column;||-webkit-flex-direction:column;||flex-direction:column;\u00bb border_width_right=\u00bb1px\u00bb border_color_right=\u00bb#555555&#8243; border_width_right_tablet=\u00bb0px\u00bb border_width_right_phone=\u00bb0px\u00bb border_width_right_last_edited=\u00bbon|tablet\u00bb global_colors_info=\u00bb{}\u00bb][et_pb_blurb image=\u00bbhttps:\/\/elkaservice.ca\/wp-content\/uploads\/2022\/02\/Telephone.png\u00bb admin_label=\u00bb450 888-7666&#8243; _builder_version=\u00bb4.17.6&#8243; _module_preset=\u00bbdefault\u00bb body_font=\u00bbTeko|500|||||||\u00bb body_text_align=\u00bbcenter\u00bb body_text_color=\u00bb#343434&#8243; body_font_size=\u00bb23px\u00bb body_letter_spacing=\u00bb1px\u00bb body_line_height=\u00bb1.3em\u00bb body_link_text_color=\u00bb#343434&#8243; hover_enabled=\u00bb0&#8243; body_font_size_tablet=\u00bb23px\u00bb body_font_size_phone=\u00bb18px\u00bb body_font_size_last_edited=\u00bbon|desktop\u00bb custom_css_blurb_image=\u00bbmargin-bottom:20px;\u00bb global_colors_info=\u00bb{}\u00bb body_link_text_color__hover_enabled=\u00bbon|hover\u00bb body_link_text_color__hover=\u00bb#0A70BB\u00bb sticky_enabled=\u00bb0&#8243;]<\/p>\n<p><a href=\"tel:4508887666\">(450) 888-7666<\/a><\/p>\n<p>[\/et_pb_blurb][\/et_pb_column][et_pb_column type=\u00bb1_3&#8243; _builder_version=\u00bb4.16&#8243; _module_preset=\u00bbdefault\u00bb custom_css_main_element=\u00bbdisplay: -webkit-box;||  display: -moz-box;||  display: -webkit-flex;||  display: -ms-flexbox;||  display: flex;||||-webkit-justify-content:center;||justify-content:center;||||-moz-flex-direction:column;||-ms-flex-direction:column;||-webkit-flex-direction:column;||flex-direction:column;\u00bb global_colors_info=\u00bb{}\u00bb][et_pb_blurb image=\u00bbhttps:\/\/elkaservice.ca\/wp-content\/uploads\/2022\/02\/courriel.png\u00bb admin_label=\u00bbservice@elkaservice.ca\u00bb _builder_version=\u00bb4.16&#8243; _module_preset=\u00bbdefault\u00bb body_font=\u00bbTeko|500|||||||\u00bb body_text_align=\u00bbcenter\u00bb body_text_color=\u00bb#343434&#8243; body_font_size=\u00bb23px\u00bb body_letter_spacing=\u00bb1px\u00bb body_line_height=\u00bb1.3em\u00bb body_link_text_color=\u00bb#343434&#8243; body_font_size_tablet=\u00bb23px\u00bb body_font_size_phone=\u00bb18px\u00bb body_font_size_last_edited=\u00bbon|desktop\u00bb custom_css_blurb_image=\u00bbmargin-bottom:20px;\u00bb global_colors_info=\u00bb{}\u00bb body_link_text_color__hover_enabled=\u00bbon|hover\u00bb body_link_text_color__hover=\u00bb#0A70BB\u00bb]<\/p>\n<p><a href=\"mailto:service@elkaservice.ca\">service@elkaservice.ca<\/a><\/p>\n<p>[\/et_pb_blurb][\/et_pb_column][\/et_pb_row][\/et_pb_section]<\/p>\n","protected":false},"excerpt":{"rendered":"<p>Contacto\u00bfTIENE PREGUNTAS O NECESITA INFORMACION?PONGASE EN CONTACTO CON NOSOTROS HOY MISMOTrabajamos duro cada d\u00eda para ofrecer unservicio de limpieza superior a los est\u00e1ndares del mercado.Estaremos encantados de responder a todas sus preguntas con prontitud.(450) 888-7666service@elkaservice.ca<\/p>\n","protected":false},"author":1,"featured_media":639,"parent":0,"menu_order":0,"comment_status":"closed","ping_status":"closed","template":"","meta":{"_et_pb_use_builder":"on","_et_pb_old_content":"","_et_gb_content_width":"","footnotes":""},"dipi_cpt_category":[],"class_list":["post-717","page","type-page","status-publish","has-post-thumbnail","hentry"],"yoast_head":"<!-- This site is optimized with the Yoast SEO plugin v27.3 - https:\/\/yoast.com\/product\/yoast-seo-wordpress\/ -->\n<title>Contacto || Servicio ELKA<\/title>\n<meta name=\"description\" content=\"Para servicios profesionales de limpieza comercial en Canad\u00e1, haga negocios con ELKA Service. P\u00f3ngase en contacto con nosotros si tiene alguna duda.\" \/>\n<meta name=\"robots\" content=\"index, follow, max-snippet:-1, max-image-preview:large, max-video-preview:-1\" \/>\n<link rel=\"canonical\" href=\"https:\/\/elkaservice.ca\/contact\/\" \/>\n<meta property=\"og:locale\" content=\"es_ES\" \/>\n<meta property=\"og:type\" content=\"article\" \/>\n<meta property=\"og:title\" content=\"Contacto || Servicio ELKA\" \/>\n<meta property=\"og:description\" content=\"Para servicios profesionales de limpieza comercial en Canad\u00e1, haga negocios con ELKA Service. P\u00f3ngase en contacto con nosotros si tiene alguna duda.\" \/>\n<meta property=\"og:url\" content=\"https:\/\/elkaservice.ca\/contact\/\" \/>\n<meta property=\"og:site_name\" content=\"Elka Service\" \/>\n<meta property=\"article:modified_time\" content=\"2024-02-09T19:38:38+00:00\" \/>\n<meta property=\"og:image\" content=\"https:\/\/elkaservice.ca\/wp-content\/uploads\/2022\/02\/partage-reseau-sociaux-elka.jpg\" \/>\n\t<meta property=\"og:image:width\" content=\"1200\" \/>\n\t<meta property=\"og:image:height\" content=\"630\" \/>\n\t<meta property=\"og:image:type\" content=\"image\/jpeg\" \/>\n<meta name=\"twitter:card\" content=\"summary_large_image\" \/>\n<meta name=\"twitter:title\" content=\"Contacto || Servicio ELKA\" \/>\n<meta name=\"twitter:description\" content=\"Para servicios profesionales de limpieza comercial en Canad\u00e1, haga negocios con ELKA Service. P\u00f3ngase en contacto con nosotros si tiene alguna duda.\" \/>\n<meta name=\"twitter:label1\" content=\"Tiempo de lectura\" \/>\n\t<meta name=\"twitter:data1\" content=\"6 minutos\" \/>\n<script type=\"application\/ld+json\" class=\"yoast-schema-graph\">{\"@context\":\"https:\\\/\\\/schema.org\",\"@graph\":[{\"@type\":\"WebPage\",\"@id\":\"https:\\\/\\\/elkaservice.ca\\\/contact\\\/\",\"url\":\"https:\\\/\\\/elkaservice.ca\\\/contact\\\/\",\"name\":\"Contacto || Servicio ELKA\",\"isPartOf\":{\"@id\":\"https:\\\/\\\/elkaservice.ca\\\/#website\"},\"primaryImageOfPage\":{\"@id\":\"https:\\\/\\\/elkaservice.ca\\\/contact\\\/#primaryimage\"},\"image\":{\"@id\":\"https:\\\/\\\/elkaservice.ca\\\/contact\\\/#primaryimage\"},\"thumbnailUrl\":\"https:\\\/\\\/elkaservice.ca\\\/wp-content\\\/uploads\\\/2022\\\/02\\\/partage-reseau-sociaux-elka.jpg\",\"datePublished\":\"2022-02-07T15:34:39+00:00\",\"dateModified\":\"2024-02-09T19:38:38+00:00\",\"description\":\"Para servicios profesionales de limpieza comercial en Canad\u00e1, haga negocios con ELKA Service. P\u00f3ngase en contacto con nosotros si tiene alguna duda.\",\"breadcrumb\":{\"@id\":\"https:\\\/\\\/elkaservice.ca\\\/contact\\\/#breadcrumb\"},\"inLanguage\":\"es\",\"potentialAction\":[{\"@type\":\"ReadAction\",\"target\":[\"https:\\\/\\\/elkaservice.ca\\\/contact\\\/\"]}]},{\"@type\":\"ImageObject\",\"inLanguage\":\"es\",\"@id\":\"https:\\\/\\\/elkaservice.ca\\\/contact\\\/#primaryimage\",\"url\":\"https:\\\/\\\/elkaservice.ca\\\/wp-content\\\/uploads\\\/2022\\\/02\\\/partage-reseau-sociaux-elka.jpg\",\"contentUrl\":\"https:\\\/\\\/elkaservice.ca\\\/wp-content\\\/uploads\\\/2022\\\/02\\\/partage-reseau-sociaux-elka.jpg\",\"width\":1200,\"height\":630,\"caption\":\"La diferencia en el mantenimiento de la casa\"},{\"@type\":\"BreadcrumbList\",\"@id\":\"https:\\\/\\\/elkaservice.ca\\\/contact\\\/#breadcrumb\",\"itemListElement\":[{\"@type\":\"ListItem\",\"position\":1,\"name\":\"Accueil\",\"item\":\"https:\\\/\\\/elkaservice.ca\\\/\"},{\"@type\":\"ListItem\",\"position\":2,\"name\":\"Contacto\"}]},{\"@type\":\"WebSite\",\"@id\":\"https:\\\/\\\/elkaservice.ca\\\/#website\",\"url\":\"https:\\\/\\\/elkaservice.ca\\\/\",\"name\":\"Elka Service\",\"description\":\"Le choix en entretien  m\u00e9nager commercial\",\"potentialAction\":[{\"@type\":\"SearchAction\",\"target\":{\"@type\":\"EntryPoint\",\"urlTemplate\":\"https:\\\/\\\/elkaservice.ca\\\/?s={search_term_string}\"},\"query-input\":{\"@type\":\"PropertyValueSpecification\",\"valueRequired\":true,\"valueName\":\"search_term_string\"}}],\"inLanguage\":\"es\"}]}<\/script>\n<!-- \/ Yoast SEO plugin. -->","yoast_head_json":{"title":"Contacto || Servicio ELKA","description":"Para servicios profesionales de limpieza comercial en Canad\u00e1, haga negocios con ELKA Service. P\u00f3ngase en contacto con nosotros si tiene alguna duda.","robots":{"index":"index","follow":"follow","max-snippet":"max-snippet:-1","max-image-preview":"max-image-preview:large","max-video-preview":"max-video-preview:-1"},"canonical":"https:\/\/elkaservice.ca\/contact\/","og_locale":"es_ES","og_type":"article","og_title":"Contacto || Servicio ELKA","og_description":"Para servicios profesionales de limpieza comercial en Canad\u00e1, haga negocios con ELKA Service. P\u00f3ngase en contacto con nosotros si tiene alguna duda.","og_url":"https:\/\/elkaservice.ca\/contact\/","og_site_name":"Elka Service","article_modified_time":"2024-02-09T19:38:38+00:00","og_image":[{"width":1200,"height":630,"url":"https:\/\/elkaservice.ca\/wp-content\/uploads\/2022\/02\/partage-reseau-sociaux-elka.jpg","type":"image\/jpeg"}],"twitter_card":"summary_large_image","twitter_title":"Contacto || Servicio ELKA","twitter_description":"Para servicios profesionales de limpieza comercial en Canad\u00e1, haga negocios con ELKA Service. P\u00f3ngase en contacto con nosotros si tiene alguna duda.","twitter_misc":{"Tiempo de lectura":"6 minutos"},"schema":{"@context":"https:\/\/schema.org","@graph":[{"@type":"WebPage","@id":"https:\/\/elkaservice.ca\/contact\/","url":"https:\/\/elkaservice.ca\/contact\/","name":"Contacto || Servicio ELKA","isPartOf":{"@id":"https:\/\/elkaservice.ca\/#website"},"primaryImageOfPage":{"@id":"https:\/\/elkaservice.ca\/contact\/#primaryimage"},"image":{"@id":"https:\/\/elkaservice.ca\/contact\/#primaryimage"},"thumbnailUrl":"https:\/\/elkaservice.ca\/wp-content\/uploads\/2022\/02\/partage-reseau-sociaux-elka.jpg","datePublished":"2022-02-07T15:34:39+00:00","dateModified":"2024-02-09T19:38:38+00:00","description":"Para servicios profesionales de limpieza comercial en Canad\u00e1, haga negocios con ELKA Service. P\u00f3ngase en contacto con nosotros si tiene alguna duda.","breadcrumb":{"@id":"https:\/\/elkaservice.ca\/contact\/#breadcrumb"},"inLanguage":"es","potentialAction":[{"@type":"ReadAction","target":["https:\/\/elkaservice.ca\/contact\/"]}]},{"@type":"ImageObject","inLanguage":"es","@id":"https:\/\/elkaservice.ca\/contact\/#primaryimage","url":"https:\/\/elkaservice.ca\/wp-content\/uploads\/2022\/02\/partage-reseau-sociaux-elka.jpg","contentUrl":"https:\/\/elkaservice.ca\/wp-content\/uploads\/2022\/02\/partage-reseau-sociaux-elka.jpg","width":1200,"height":630,"caption":"La diferencia en el mantenimiento de la casa"},{"@type":"BreadcrumbList","@id":"https:\/\/elkaservice.ca\/contact\/#breadcrumb","itemListElement":[{"@type":"ListItem","position":1,"name":"Accueil","item":"https:\/\/elkaservice.ca\/"},{"@type":"ListItem","position":2,"name":"Contacto"}]},{"@type":"WebSite","@id":"https:\/\/elkaservice.ca\/#website","url":"https:\/\/elkaservice.ca\/","name":"Elka Service","description":"Le choix en entretien  m\u00e9nager commercial","potentialAction":[{"@type":"SearchAction","target":{"@type":"EntryPoint","urlTemplate":"https:\/\/elkaservice.ca\/?s={search_term_string}"},"query-input":{"@type":"PropertyValueSpecification","valueRequired":true,"valueName":"search_term_string"}}],"inLanguage":"es"}]}},"_links":{"self":[{"href":"https:\/\/elkaservice.ca\/es\/wp-json\/wp\/v2\/pages\/717","targetHints":{"allow":["GET"]}}],"collection":[{"href":"https:\/\/elkaservice.ca\/es\/wp-json\/wp\/v2\/pages"}],"about":[{"href":"https:\/\/elkaservice.ca\/es\/wp-json\/wp\/v2\/types\/page"}],"author":[{"embeddable":true,"href":"https:\/\/elkaservice.ca\/es\/wp-json\/wp\/v2\/users\/1"}],"replies":[{"embeddable":true,"href":"https:\/\/elkaservice.ca\/es\/wp-json\/wp\/v2\/comments?post=717"}],"version-history":[{"count":7,"href":"https:\/\/elkaservice.ca\/es\/wp-json\/wp\/v2\/pages\/717\/revisions"}],"predecessor-version":[{"id":1587,"href":"https:\/\/elkaservice.ca\/es\/wp-json\/wp\/v2\/pages\/717\/revisions\/1587"}],"wp:featuredmedia":[{"embeddable":true,"href":"https:\/\/elkaservice.ca\/es\/wp-json\/wp\/v2\/media\/639"}],"wp:attachment":[{"href":"https:\/\/elkaservice.ca\/es\/wp-json\/wp\/v2\/media?parent=717"}],"wp:term":[{"taxonomy":"dipi_cpt_category","embeddable":true,"href":"https:\/\/elkaservice.ca\/es\/wp-json\/wp\/v2\/dipi_cpt_category?post=717"}],"curies":[{"name":"wp","href":"https:\/\/api.w.org\/{rel}","templated":true}]}}